{"id":23,"date":"2020-12-08T03:53:49","date_gmt":"2020-12-08T03:53:49","guid":{"rendered":"https:\/\/www.gavias-theme.com\/wp\/tolips\/?page_id=23"},"modified":"2022-09-19T11:13:34","modified_gmt":"2022-09-19T09:13:34","slug":"our-agents","status":"publish","type":"page","link":"https:\/\/brn-nepremicnine.si\/en\/our-agents\/","title":{"rendered":"Our Agents"},"content":{"rendered":"\t\t<div data-elementor-type=\"wp-page\" data-elementor-id=\"23\" class=\"elementor elementor-23\">\n\t\t\t\t\t\t<section class=\"elementor-section elementor-top-section elementor-element elementor-element-d2a7188 elementor-section-boxed elementor-section-height-default elementor-section-height-default row-top\" data-id=\"d2a7188\" data-element_type=\"section\" data-e-type=\"section\">\n\t\t\t\t\t\t<div class=\"elementor-container elementor-column-gap-default\">\n\t\t\t\t\t<div class=\"elementor-column elementor-col-100 elementor-top-column elementor-element elementor-element-fd566ab column-style-top\" data-id=\"fd566ab\" data-element_type=\"column\" data-e-type=\"column\">\n\t\t\t<div class=\"elementor-widget-wrap elementor-element-populated\">\n\t\t\t\t\t\t<div class=\"elementor-element elementor-element-1494775 elementor-widget elementor-widget-gva-heading-block\" data-id=\"1494775\" data-element_type=\"widget\" data-e-type=\"widget\" data-widget_type=\"gva-heading-block.default\">\n\t\t\t\t<div class=\"elementor-widget-container\">\n\t\t\t\t\t<div class=\"gva-element-gva-heading-block gva-element\">   <div class=\"align-center style-1 widget gsc-heading box-align-left  auto-responsive\">\r\n      <div class=\"content-inner\">\r\n         \r\n                  \r\n                     <div class=\"sub-title\"><span>Experience counts<\/span><\/div>\r\n           \r\n         \r\n                     <h2 class=\"title\">\r\n               <span>Our real estate experts<\/span>\r\n                                                         <\/h2>\r\n                  \r\n         \r\n      <\/div>\r\n   <\/div>\r\n<\/div>\t\t\t\t<\/div>\n\t\t\t\t<\/div>\n\t\t\t\t<div class=\"elementor-element elementor-element-7384e30 elementor-widget elementor-widget-gva-users-agents\" data-id=\"7384e30\" data-element_type=\"widget\" data-e-type=\"widget\" data-widget_type=\"gva-users-agents.default\">\n\t\t\t\t<div class=\"elementor-widget-container\">\n\t\t\t\t\t<div class=\"gva-element-gva-users-agents gva-element\">  \r\n<div class=\"gva-listing-users clearfix\">\r\n\t<div class=\"gva-content-items clearfix\"> \r\n\t\t<div class=\"lg-block-grid-2 md-block-grid-2 sm-block-grid-2 xs-block-grid-1 xx-block-grid-1\">\r\n\t\t\t\t\t\t  <div class=\"column-item\">\r\n\t\t\t\t\t<div class=\"user-agent-block user-agent\">\r\n\t<div class=\"user-avatar\">\r\n\t\t\t\t\t<a href=\"https:\/\/brn-nepremicnine.si\/en\/author\/bojan\/\" class=\"avatar\">\r\n\t\t\t\t<img decoding=\"async\" src=\"https:\/\/brn-nepremicnine.si\/en\/wp-content\/uploads\/2026\/01\/bojan.jpg\" alt=\"bojan\"\/>\r\n\t\t\t<\/a>\r\n\t\t\t<\/div>\r\n\r\n\t<div class=\"user-content\">\r\n\t\t\r\n\t\t\t\t\t\r\n\t\t\t\t\t<h4 class=\"user-title\">\r\n\t\t\t\t<a href=\"https:\/\/brn-nepremicnine.si\/en\/author\/bojan\/\">\r\n\t\t\t\t\tBojan&nbsp;Radusinovi\u0107\t\t\t\t<\/a>\r\n\t\t\t<\/h4>\r\n\t\t\r\n\t\t\t\r\n\r\n\t\t\t\t\t\t\t<div class=\"users-phone\">\r\n\t\t\t\t  \t<span><i class=\"icon las la-phone-volume\"><\/i>+386(0)41 420 156<\/span>\r\n\t\t\t\t <\/div>\r\n\t\t\t\r\n\t\t\t\t\t\t\t\t<div class=\"users-email user-info\">\r\n\t\t\t\t\t  <span class=\"value\">bojan@brn.si<\/span>\r\n\t\t\t\t\t<\/div>\r\n\t\t\t\t\t\t\r\n\t\t\t\t\r\n\t\t\t\r\n\r\n\t\t<div class=\"users-socials\">\r\n\t\t\t\t\t\t\t\t\t\t\t\t\t  \t<\/div>\r\n\r\n\t\t\t\t\t<a href=\"https:\/\/brn-nepremicnine.si\/en\/author\/bojan\/\" class=\"btn-author-detail\">\r\n\t\t\t\tView Profile \t\t\t<\/a>\r\n\t\t\t\r\n\r\n\t<\/div>\r\n<\/div>\t\t\t  <\/div>\r\n\r\n\t\t\t\t\t\t  <div class=\"column-item\">\r\n\t\t\t\t\t<div class=\"user-agent-block user-agent\">\r\n\t<div class=\"user-avatar\">\r\n\t\t\t\t\t<a href=\"https:\/\/brn-nepremicnine.si\/en\/author\/nusa\/\" class=\"avatar\">\r\n\t\t\t\t<img decoding=\"async\" src=\"https:\/\/brn-nepremicnine.si\/en\/wp-content\/uploads\/2026\/01\/nusa.jpg\" alt=\"nusa\"\/>\r\n\t\t\t<\/a>\r\n\t\t\t<\/div>\r\n\r\n\t<div class=\"user-content\">\r\n\t\t\r\n\t\t\t\t\t\r\n\t\t\t\t\t<h4 class=\"user-title\">\r\n\t\t\t\t<a href=\"https:\/\/brn-nepremicnine.si\/en\/author\/nusa\/\">\r\n\t\t\t\t\tNu\u0161a&nbsp;Hribernik\t\t\t\t<\/a>\r\n\t\t\t<\/h4>\r\n\t\t\r\n\t\t\t\r\n\r\n\t\t\t\t\t\t\t<div class=\"users-phone\">\r\n\t\t\t\t  \t<span><i class=\"icon las la-phone-volume\"><\/i>+386(0)40 381 288<\/span>\r\n\t\t\t\t <\/div>\r\n\t\t\t\r\n\t\t\t\t\t\t\t\t<div class=\"users-email user-info\">\r\n\t\t\t\t\t  <span class=\"value\">nusa@brn.si<\/span>\r\n\t\t\t\t\t<\/div>\r\n\t\t\t\t\t\t\r\n\t\t\t\t\r\n\t\t\t\r\n\r\n\t\t<div class=\"users-socials\">\r\n\t\t\t\t\t\t\t\t\t\t\t\t\t  \t<\/div>\r\n\r\n\t\t\t\t\t<a href=\"https:\/\/brn-nepremicnine.si\/en\/author\/nusa\/\" class=\"btn-author-detail\">\r\n\t\t\t\tView Profile \t\t\t<\/a>\r\n\t\t\t\r\n\r\n\t<\/div>\r\n<\/div>\t\t\t  <\/div>\r\n\r\n\t\t\t\t\t\t  <div class=\"column-item\">\r\n\t\t\t\t\t<div class=\"user-agent-block user-agent\">\r\n\t<div class=\"user-avatar\">\r\n\t\t\t\t\t<a href=\"https:\/\/brn-nepremicnine.si\/en\/author\/ales\/\" class=\"avatar\">\r\n\t\t\t\t<img decoding=\"async\" src=\"https:\/\/brn-nepremicnine.si\/en\/wp-content\/uploads\/2026\/01\/ales.jpg\" alt=\"ales\"\/>\r\n\t\t\t<\/a>\r\n\t\t\t<\/div>\r\n\r\n\t<div class=\"user-content\">\r\n\t\t\r\n\t\t\t\t\t\r\n\t\t\t\t\t<h4 class=\"user-title\">\r\n\t\t\t\t<a href=\"https:\/\/brn-nepremicnine.si\/en\/author\/ales\/\">\r\n\t\t\t\t\tAle\u0161&nbsp;\u017diger\t\t\t\t<\/a>\r\n\t\t\t<\/h4>\r\n\t\t\r\n\t\t\t\r\n\r\n\t\t\t\t\t\t\t<div class=\"users-phone\">\r\n\t\t\t\t  \t<span><i class=\"icon las la-phone-volume\"><\/i>+386 (0)51 649 475<\/span>\r\n\t\t\t\t <\/div>\r\n\t\t\t\r\n\t\t\t\t\t\t\t\t<div class=\"users-email user-info\">\r\n\t\t\t\t\t  <span class=\"value\">ales@brn.si<\/span>\r\n\t\t\t\t\t<\/div>\r\n\t\t\t\t\t\t\r\n\t\t\t\t\r\n\t\t\t\r\n\r\n\t\t<div class=\"users-socials\">\r\n\t\t\t\t\t\t\t\t\t\t\t\t\t  \t<\/div>\r\n\r\n\t\t\t\t\t<a href=\"https:\/\/brn-nepremicnine.si\/en\/author\/ales\/\" class=\"btn-author-detail\">\r\n\t\t\t\tView Profile \t\t\t<\/a>\r\n\t\t\t\r\n\r\n\t<\/div>\r\n<\/div>\t\t\t  <\/div>\r\n\r\n\t\t\t\t\t\t  <div class=\"column-item\">\r\n\t\t\t\t\t<div class=\"user-agent-block user-agent\">\r\n\t<div class=\"user-avatar\">\r\n\t\t\t\t\t<a href=\"https:\/\/brn-nepremicnine.si\/en\/author\/ziga\/\" class=\"avatar\">\r\n\t\t\t\t<img decoding=\"async\" src=\"https:\/\/brn-nepremicnine.si\/en\/wp-content\/uploads\/2026\/01\/ziga.jpeg\" alt=\"ziga\"\/>\r\n\t\t\t<\/a>\r\n\t\t\t<\/div>\r\n\r\n\t<div class=\"user-content\">\r\n\t\t\r\n\t\t\t\t\t\r\n\t\t\t\t\t<h4 class=\"user-title\">\r\n\t\t\t\t<a href=\"https:\/\/brn-nepremicnine.si\/en\/author\/ziga\/\">\r\n\t\t\t\t\t\u017diga&nbsp;Domjan\t\t\t\t<\/a>\r\n\t\t\t<\/h4>\r\n\t\t\r\n\t\t\t\r\n\r\n\t\t\t\t\t\t\t<div class=\"users-phone\">\r\n\t\t\t\t  \t<span><i class=\"icon las la-phone-volume\"><\/i>+386 (0)40 264 364<\/span>\r\n\t\t\t\t <\/div>\r\n\t\t\t\r\n\t\t\t\t\t\t\t\t<div class=\"users-email user-info\">\r\n\t\t\t\t\t  <span class=\"value\">ziga@brn.si<\/span>\r\n\t\t\t\t\t<\/div>\r\n\t\t\t\t\t\t\r\n\t\t\t\t\r\n\t\t\t\r\n\r\n\t\t<div class=\"users-socials\">\r\n\t\t\t\t\t\t\t\t\t\t\t\t\t  \t<\/div>\r\n\r\n\t\t\t\t\t<a href=\"https:\/\/brn-nepremicnine.si\/en\/author\/ziga\/\" class=\"btn-author-detail\">\r\n\t\t\t\tView Profile \t\t\t<\/a>\r\n\t\t\t\r\n\r\n\t<\/div>\r\n<\/div>\t\t\t  <\/div>\r\n\r\n\t\t\t\t\t<\/div>\r\n\t<\/div>\r\n<\/div>\r\n<\/div>\t\t\t\t<\/div>\n\t\t\t\t<\/div>\n\t\t\t\t\t<\/div>\n\t\t<\/div>\n\t\t\t\t\t<\/div>\n\t\t<\/section>\n\t\t\t\t<\/div>\n\t\t","protected":false},"excerpt":{"rendered":"<p>Experience counts Our real estate experts Bojan Radusinovi\u0107 +386(0)41 420 156 View Profile Matej Brezin\u0161\u010dak +386(0)40 381 288 View Profile<\/p>\n","protected":false},"author":1,"featured_media":0,"parent":0,"menu_order":0,"comment_status":"closed","ping_status":"closed","template":"","meta":{"_acf_changed":false,"footnotes":""},"class_list":["post-23","page","type-page","status-publish","hentry"],"acf":[],"_links":{"self":[{"href":"https:\/\/brn-nepremicnine.si\/en\/wp-json\/wp\/v2\/pages\/23","targetHints":{"allow":["GET"]}}],"collection":[{"href":"https:\/\/brn-nepremicnine.si\/en\/wp-json\/wp\/v2\/pages"}],"about":[{"href":"https:\/\/brn-nepremicnine.si\/en\/wp-json\/wp\/v2\/types\/page"}],"author":[{"embeddable":true,"href":"https:\/\/brn-nepremicnine.si\/en\/wp-json\/wp\/v2\/users\/1"}],"replies":[{"embeddable":true,"href":"https:\/\/brn-nepremicnine.si\/en\/wp-json\/wp\/v2\/comments?post=23"}],"version-history":[{"count":0,"href":"https:\/\/brn-nepremicnine.si\/en\/wp-json\/wp\/v2\/pages\/23\/revisions"}],"wp:attachment":[{"href":"https:\/\/brn-nepremicnine.si\/en\/wp-json\/wp\/v2\/media?parent=23"}],"curies":[{"name":"wp","href":"https:\/\/api.w.org\/{rel}","templated":true}]}}