{"id":779,"date":"2022-07-13T11:30:43","date_gmt":"2022-07-13T11:30:43","guid":{"rendered":"https:\/\/brilosa-nepremicnine.si\/?page_id=779"},"modified":"2026-03-12T08:59:53","modified_gmt":"2026-03-12T07:59:53","slug":"new-projects","status":"publish","type":"page","link":"https:\/\/brn-nepremicnine.si\/en\/new-projects\/","title":{"rendered":"New Projects"},"content":{"rendered":"\t\t<div data-elementor-type=\"wp-page\" data-elementor-id=\"779\" class=\"elementor elementor-779\">\n\t\t\t\t\t\t<section class=\"elementor-section elementor-top-section elementor-element elementor-element-87921f0 elementor-section-boxed elementor-section-height-default elementor-section-height-default row-top\" data-id=\"87921f0\" data-element_type=\"section\" data-e-type=\"section\">\n\t\t\t\t\t\t<div class=\"elementor-container elementor-column-gap-default\">\n\t\t\t\t\t<div class=\"elementor-column elementor-col-100 elementor-top-column elementor-element elementor-element-8ea5df2 column-style-top\" data-id=\"8ea5df2\" data-element_type=\"column\" data-e-type=\"column\">\n\t\t\t<div class=\"elementor-widget-wrap elementor-element-populated\">\n\t\t\t\t\t\t<div class=\"elementor-element elementor-element-33c248e elementor-widget elementor-widget-gva-teams\" data-id=\"33c248e\" data-element_type=\"widget\" data-e-type=\"widget\" data-widget_type=\"gva-teams.default\">\n\t\t\t\t<div class=\"elementor-widget-container\">\n\t\t\t\t\t<div class=\"gva-element-gva-teams gva-element\">  \r\n  <div class=\"gva-teams-grid clearfix grid-sj1l\">\r\n      <div class=\"gva-content-items\"> \r\n        <div class=\"lg-block-grid-2 md-block-grid-2 sm-block-grid-1 xs-block-grid-1 xx-block-grid-1\">\r\n          <div class=\"item-columns\"><div class=\"team-block team-v1\">\n\t\t\t<div class=\"team-image\">\n\t\t \t<a href=\"https:\/\/brn-nepremicnine.si\/en\/team\/virginia-residence\/\"><img fetchpriority=\"high\" decoding=\"async\" width=\"600\" height=\"450\" src=\"https:\/\/brn-nepremicnine.si\/en\/wp-content\/uploads\/2026\/02\/virginia-residence_2-600x450.webp\" class=\"attachment-tolips_medium size-tolips_medium wp-post-image\" alt=\"\" \/><\/a>\n\t\t<\/div>\n\t\t<div class=\"team-content\">\n\t   \n      <h2 class=\"team-name\"><a href=\"https:\/\/brn-nepremicnine.si\/en\/team\/virginia-residence\/\">Virginia Residence<\/a><\/h2>\n\t   \n         \n\t   \t<div class=\"team-job\">Portoroz<\/div>\n\t   \n\t            <div class=\"socials-team\">\n                        \n                  <\/div>\n      \n\t   \n\t<\/div>\n<\/div>  <\/div><div class=\"item-columns\"><div class=\"team-block team-v1\">\n\t\t\t<div class=\"team-image\">\n\t\t \t<a href=\"https:\/\/brn-nepremicnine.si\/en\/novogradnje\/malija-dreams\/\"><img decoding=\"async\" width=\"600\" height=\"450\" src=\"https:\/\/brn-nepremicnine.si\/en\/wp-content\/uploads\/2025\/11\/3-600x450.jpg\" class=\"attachment-tolips_medium size-tolips_medium wp-post-image\" alt=\"\" \/><\/a>\n\t\t<\/div>\n\t\t<div class=\"team-content\">\n\t   \n      <h2 class=\"team-name\"><a href=\"https:\/\/brn-nepremicnine.si\/en\/novogradnje\/malija-dreams\/\">Malija Dreams<\/a><\/h2>\n\t   \n         \n\t   \t<div class=\"team-job\">Malija above Izola<\/div>\n\t   \n\t            <div class=\"socials-team\">\n                        \n                  <\/div>\n      \n\t   \n\t<\/div>\n<\/div>  <\/div><div class=\"item-columns\"><div class=\"team-block team-v1\">\n\t\t\t<div class=\"team-image\">\n\t\t \t<a href=\"https:\/\/brn-nepremicnine.si\/en\/novogradnje\/kamniski-biser\/\"><img decoding=\"async\" width=\"600\" height=\"450\" src=\"https:\/\/brn-nepremicnine.si\/en\/wp-content\/uploads\/2025\/10\/KamniskiBiser_EXT_05-600x450.jpg\" class=\"attachment-tolips_medium size-tolips_medium wp-post-image\" alt=\"\" \/><\/a>\n\t\t<\/div>\n\t\t<div class=\"team-content\">\n\t   \n      <h2 class=\"team-name\"><a href=\"https:\/\/brn-nepremicnine.si\/en\/novogradnje\/kamniski-biser\/\">Kamni\u0161ki Biser<\/a><\/h2>\n\t   \n         \n\t   \t<div class=\"team-job\">Kamnik<\/div>\n\t   \n\t            <div class=\"socials-team\">\n                        \n                  <\/div>\n      \n\t   \n\t<\/div>\n<\/div>  <\/div><div class=\"item-columns\"><div class=\"team-block team-v1\">\n\t\t\t<div class=\"team-image\">\n\t\t \t<a href=\"https:\/\/brn-nepremicnine.si\/en\/team\/terraced-houses-sencur\/\"><img loading=\"lazy\" decoding=\"async\" width=\"600\" height=\"450\" src=\"https:\/\/brn-nepremicnine.si\/en\/wp-content\/uploads\/2025\/05\/i02500-2-scaled-1-600x450.jpg\" class=\"attachment-tolips_medium size-tolips_medium wp-post-image\" alt=\"\" \/><\/a>\n\t\t<\/div>\n\t\t<div class=\"team-content\">\n\t   \n      <h2 class=\"team-name\"><a href=\"https:\/\/brn-nepremicnine.si\/en\/team\/terraced-houses-sencur\/\">Terraced houses \u0160en\u010dur<\/a><\/h2>\n\t   \n      \n\t            <div class=\"socials-team\">\n                        \n                  <\/div>\n      \n\t   \n\t<\/div>\n<\/div>  <\/div><div class=\"item-columns\"><div class=\"team-block team-v1\">\n\t\t\t<div class=\"team-image\">\n\t\t \t<a href=\"https:\/\/brn-nepremicnine.si\/en\/novogradnje\/soncnelivade-kranj\/\"><img loading=\"lazy\" decoding=\"async\" width=\"600\" height=\"450\" src=\"https:\/\/brn-nepremicnine.si\/en\/wp-content\/uploads\/2025\/02\/DS_Kranj_Eksterier_005-1280x640-1-600x450.jpg\" class=\"attachment-tolips_medium size-tolips_medium wp-post-image\" alt=\"soncne-livade-kranj\" \/><\/a>\n\t\t<\/div>\n\t\t<div class=\"team-content\">\n\t   \n      <h2 class=\"team-name\"><a href=\"https:\/\/brn-nepremicnine.si\/en\/novogradnje\/soncnelivade-kranj\/\">Son\u010dne Livade Kranj<\/a><\/h2>\n\t   \n         \n\t   \t<div class=\"team-job\">Kranj<\/div>\n\t   \n\t            <div class=\"socials-team\">\n                        \n                  <\/div>\n      \n\t   \n\t<\/div>\n<\/div>  <\/div><div class=\"item-columns\"><div class=\"team-block team-v1\">\n\t\t\t<div class=\"team-image\">\n\t\t \t<a href=\"https:\/\/brn-nepremicnine.si\/en\/novogradnje\/razgledi-nad-ajdovscino\/\"><img loading=\"lazy\" decoding=\"async\" width=\"600\" height=\"450\" src=\"https:\/\/brn-nepremicnine.si\/en\/wp-content\/uploads\/2024\/05\/STURJE-08_2560-600x450.jpg\" class=\"attachment-tolips_medium size-tolips_medium wp-post-image\" alt=\"\" \/><\/a>\n\t\t<\/div>\n\t\t<div class=\"team-content\">\n\t   \n      <h2 class=\"team-name\"><a href=\"https:\/\/brn-nepremicnine.si\/en\/novogradnje\/razgledi-nad-ajdovscino\/\">Razgledi nad Ajdov\u0161\u010dino<\/a><\/h2>\n\t   \n         \n\t   \t<div class=\"team-job\">Ajdov\u0161\u010dina<\/div>\n\t   \n\t            <div class=\"socials-team\">\n                        \n                  <\/div>\n      \n\t   \n\t<\/div>\n<\/div>  <\/div><div class=\"item-columns\"><div class=\"team-block team-v1\">\n\t\t\t<div class=\"team-image\">\n\t\t \t<a href=\"https:\/\/brn-nepremicnine.si\/en\/novogradnje\/rezidenca-bezigrad-topniska\/\"><img loading=\"lazy\" decoding=\"async\" width=\"600\" height=\"450\" src=\"https:\/\/brn-nepremicnine.si\/en\/wp-content\/uploads\/2023\/11\/STF_R1_L_0006_1920_g-600x450.jpg\" class=\"attachment-tolips_medium size-tolips_medium wp-post-image\" alt=\"\" \/><\/a>\n\t\t<\/div>\n\t\t<div class=\"team-content\">\n\t   \n      <h2 class=\"team-name\"><a href=\"https:\/\/brn-nepremicnine.si\/en\/novogradnje\/rezidenca-bezigrad-topniska\/\">Rezidenca Be\u017eigrad-Topni\u0161ka<\/a><\/h2>\n\t   \n         \n\t   \t<div class=\"team-job\">Ljubljana<\/div>\n\t   \n\t            <div class=\"socials-team\">\n                        \n                  <\/div>\n      \n\t   \n\t<\/div>\n<\/div>  <\/div><div class=\"item-columns\"><div class=\"team-block team-v1\">\n\t\t\t<div class=\"team-image\">\n\t\t \t<a href=\"https:\/\/brn-nepremicnine.si\/en\/novogradnje\/rezidenca-bezigrad\/\"><img loading=\"lazy\" decoding=\"async\" width=\"600\" height=\"450\" src=\"https:\/\/brn-nepremicnine.si\/en\/wp-content\/uploads\/2022\/11\/Bezigrad1-600x450.png\" class=\"attachment-tolips_medium size-tolips_medium wp-post-image\" alt=\"\" \/><\/a>\n\t\t<\/div>\n\t\t<div class=\"team-content\">\n\t   \n      <h2 class=\"team-name\"><a href=\"https:\/\/brn-nepremicnine.si\/en\/novogradnje\/rezidenca-bezigrad\/\">Rezidenca Be\u017eigrad<\/a><\/h2>\n\t   \n         \n\t   \t<div class=\"team-job\">Ljubljana<\/div>\n\t   \n\t            <div class=\"socials-team\">\n                        \n                  <\/div>\n      \n\t   \n\t<\/div>\n<\/div>  <\/div><div class=\"item-columns\"><div class=\"team-block team-v1\">\n\t\t\t<div class=\"team-image\">\n\t\t \t<a href=\"https:\/\/brn-nepremicnine.si\/en\/novogradnje\/soncni-golovec\/\"><img loading=\"lazy\" decoding=\"async\" width=\"600\" height=\"450\" src=\"https:\/\/brn-nepremicnine.si\/en\/wp-content\/uploads\/2022\/07\/R-04-B-1-600x450.jpg\" class=\"attachment-tolips_medium size-tolips_medium wp-post-image\" alt=\"\" \/><\/a>\n\t\t<\/div>\n\t\t<div class=\"team-content\">\n\t   \n      <h2 class=\"team-name\"><a href=\"https:\/\/brn-nepremicnine.si\/en\/novogradnje\/soncni-golovec\/\">Son\u010dni Golovec<\/a><\/h2>\n\t   \n         \n\t   \t<div class=\"team-job\">Celje<\/div>\n\t   \n\t            <div class=\"socials-team\">\n                        \n                  <\/div>\n      \n\t   \n\t<\/div>\n<\/div>  <\/div>        <\/div>\r\n      <\/div>\r\n        <\/div>\r\n  <\/div>\t\t\t\t<\/div>\n\t\t\t\t<\/div>\n\t\t\t\t\t<\/div>\n\t\t<\/div>\n\t\t\t\t\t<\/div>\n\t\t<\/section>\n\t\t\t\t<\/div>\n\t\t","protected":false},"excerpt":{"rendered":"<p>Virginia Residence Portoroz Malija Dreams Malija above Izola Kamni\u0161ki Biser Kamnik Terraced houses \u0160en\u010dur Son\u010dne Livade Kranj Kranj Razgledi nad Ajdov\u0161\u010dino Ajdov\u0161\u010dina Rezidenca Be\u017eigrad-Topni\u0161ka Ljubljana Rezidenca Be\u017eigrad Ljubljana Son\u010dni Golovec Celje<\/p>\n","protected":false},"author":1,"featured_media":0,"parent":0,"menu_order":0,"comment_status":"closed","ping_status":"closed","template":"","meta":{"_acf_changed":false,"footnotes":""},"class_list":["post-779","page","type-page","status-publish","hentry"],"acf":[],"_links":{"self":[{"href":"https:\/\/brn-nepremicnine.si\/en\/wp-json\/wp\/v2\/pages\/779","targetHints":{"allow":["GET"]}}],"collection":[{"href":"https:\/\/brn-nepremicnine.si\/en\/wp-json\/wp\/v2\/pages"}],"about":[{"href":"https:\/\/brn-nepremicnine.si\/en\/wp-json\/wp\/v2\/types\/page"}],"author":[{"embeddable":true,"href":"https:\/\/brn-nepremicnine.si\/en\/wp-json\/wp\/v2\/users\/1"}],"replies":[{"embeddable":true,"href":"https:\/\/brn-nepremicnine.si\/en\/wp-json\/wp\/v2\/comments?post=779"}],"version-history":[{"count":21,"href":"https:\/\/brn-nepremicnine.si\/en\/wp-json\/wp\/v2\/pages\/779\/revisions"}],"predecessor-version":[{"id":56906,"href":"https:\/\/brn-nepremicnine.si\/en\/wp-json\/wp\/v2\/pages\/779\/revisions\/56906"}],"wp:attachment":[{"href":"https:\/\/brn-nepremicnine.si\/en\/wp-json\/wp\/v2\/media?parent=779"}],"curies":[{"name":"wp","href":"https:\/\/api.w.org\/{rel}","templated":true}]}}